{"id":1202,"date":"2025-12-08T20:21:25","date_gmt":"2025-12-08T20:21:25","guid":{"rendered":"https:\/\/chardondeco.com\/?page_id=1202"},"modified":"2026-04-08T11:46:23","modified_gmt":"2026-04-08T11:46:23","slug":"politique-de-confidentialite-rgpd","status":"publish","type":"page","link":"https:\/\/chardondeco.com\/?page_id=1202","title":{"rendered":"POLITIQUE DE CONFIDENTIALIT\u00c9 (RGPD)"},"content":{"rendered":"<div class=\"brz brz-root__container brz-reset-all brz-root__container-page\">\n<section id=\"k_zptsFI0CSU_k_zptsFI0CSU\" class=\"brz-section brz-css-d-section brz-css-1i75uxs\">\n<div class=\"brz-section__content brz-section--boxed brz-css-d-sectionitem-bg brz-css-1yy2a5p\" data-brz-custom-id=\"otipk4l7nu35\">\n<div class=\"brz-bg\">\n<div class=\"brz-bg-image\"><\/div>\n<div class=\"brz-bg-color\"><\/div>\n<\/div>\n<div class=\"brz-container brz-css-d-sectionitem-container brz-css-lodr71\">\n<div class=\"brz-row__container brz-css-d-row-row brz-css-8wov7r\" data-brz-custom-id=\"wc3n5_kSqwJ5\">\n<div class=\"brz-row brz-css-d-row-container brz-css-r-row-container brz-css-855ew8\">\n<div class=\"brz-columns brz-css-d-column-column brz-css-4mcb6k\" data-brz-custom-id=\"xwjonhc40XQ8\">\n<div class=\"brz-column__items brz-css-d-column-bg brz-css-k0twlf\">\n<div id=\"\" class=\"brz-css-d-wrapper brz-css-5b4blp brz-wrapper\">\n<div class=\"brz-rich-text brz-rich-text__custom brz-css-d-richtext brz-css-1vx7vph\" data-brz-custom-id=\"lObA4UqKtL7D\">\n<div data-brz-translate-text=\"1\">\n<h1 class=\"brz-text-xs-center brz-tp-lg-heading1 brz-css-dirUN\" data-uniq-id=\"qZMsh\" data-generated-css=\"brz-css-lM5si\"><\/h1>\n<\/div>\n<\/div>\n<\/div>\n<div id=\"\" class=\"brz-css-d-wrapper brz-css-ot6h2h brz-wrapper\">\n<div class=\"brz-rich-text brz-rich-text__custom brz-css-d-richtext brz-css-1r5dk7o\" data-brz-custom-id=\"k3F5HEAslJ4w\">\n<div data-brz-translate-text=\"1\">\n<div class=\"ql-editor brz-css-j98MQ\" data-gramm=\"false\" data-placeholder=\"Enter text here...\">\n<h2 class=\"brz-tp-lg-heading2 brz-text-xs-center brz-text-lg-left brz-css-dJyDy\" data-uniq-id=\"ukGXa\" data-generated-css=\"brz-css-q9Hl5\"><strong class=\"brz-cp-color2\">POLITIQUE DE CONFIDENTIALIT\u00c9 (RGPD)<\/strong><\/h2>\n<h4 class=\"brz-tp-lg-subtitle brz-text-xs-center brz-css-gXHAE\" data-uniq-id=\"pmaZE\" data-generated-css=\"brz-css-bbqcu\"><\/h4>\n<\/div>\n<div class=\"ql-clipboard brz-css-otdrc\"><\/div>\n<\/div>\n<\/div>\n<\/div>\n<div id=\"\" class=\"brz-css-d-wrapper brz-css-r-wrapper brz-css-biq2uu brz-wrapper\">\n<div class=\"brz-spacer brz-css-d-spacer brz-css-1m2yt7\"><\/div>\n<\/div>\n<\/div>\n<\/div>\n<\/div>\n<\/div>\n<div id=\"\" class=\"brz-css-d-wrapper brz-css-a8fvtk brz-wrapper\">\n<div class=\"brz-rich-text brz-rich-text__custom brz-css-d-richtext brz-css-1i0myy7\" data-brz-custom-id=\"wht3moIPA8mN\">\n<div data-brz-translate-text=\"1\">\n<h2 class=\"brz-tp-lg-heading2 brz-css-zgCfl\" data-generated-css=\"brz-css-yvCTY\" data-uniq-id=\"ohEKp\"><strong class=\"brz-cp-color2\">1. Responsable du traitement<\/strong><\/h2>\n<p class=\"brz-tp-lg-paragraph brz-css-qQy3W\" data-generated-css=\"brz-css-zJVbT\" data-uniq-id=\"dLLWK\"><span class=\"brz-cp-color2\">Chardon D\u00e9co \u2013 Jonathan Chardon<\/span><\/p>\n<p class=\"brz-tp-lg-paragraph brz-css-pk0oj\" data-generated-css=\"brz-css-dM3tf\" data-uniq-id=\"ipJ9h\"><span class=\"brz-cp-color2\">contact@chardondeco.com<\/span><\/p>\n<h2 class=\"brz-tp-lg-heading2 brz-css-fi3GH\" data-generated-css=\"brz-css-rlJxA\" data-uniq-id=\"eEH4C\"><strong class=\"brz-cp-color2\">2. Donn\u00e9es collect\u00e9es<\/strong><\/h2>\n<p class=\"brz-tp-lg-paragraph brz-css-oZ1r7\" data-generated-css=\"brz-css-tNB1k\" data-uniq-id=\"oTr0H\"><span class=\"brz-cp-color2\">Nous collectons uniquement les donn\u00e9es n\u00e9cessaires \u00e0 la gestion des demandes clients :<\/span><\/p>\n<ul>\n<li class=\"brz-tp-lg-paragraph brz-bcp-color2 brz-css-ut0KH\" data-generated-css=\"brz-css-q31n7\" data-uniq-id=\"zjbum\"><span class=\"brz-cp-color2\">Nom et pr\u00e9nom<\/span><\/li>\n<li class=\"brz-tp-lg-paragraph brz-bcp-color2 brz-css-e5dB9\" data-generated-css=\"brz-css-fWAWD\" data-uniq-id=\"tFXPs\"><span class=\"brz-cp-color2\">Email<\/span><\/li>\n<li class=\"brz-tp-lg-paragraph brz-bcp-color2 brz-css-lQ3_z\" data-generated-css=\"brz-css-lQnSL\" data-uniq-id=\"gUbHj\"><span class=\"brz-cp-color2\">T\u00e9l\u00e9phone<\/span><\/li>\n<li class=\"brz-tp-lg-paragraph brz-bcp-color2 brz-css-tCT1b\" data-generated-css=\"brz-css-m1eiI\" data-uniq-id=\"qVM6q\"><span class=\"brz-cp-color2\">Adresse du projet<\/span><\/li>\n<li class=\"brz-tp-lg-paragraph brz-bcp-color2 brz-css-maGrj\" data-generated-css=\"brz-css-geV81\" data-uniq-id=\"gIvRH\"><span class=\"brz-cp-color2\">Informations li\u00e9es au projet (surface, pi\u00e8ces, budget, style, d\u00e9lais\u2026)<\/span><\/li>\n<\/ul>\n<p class=\"brz-tp-lg-paragraph brz-css-hxqWA\" data-generated-css=\"brz-css-qKfzr\" data-uniq-id=\"rnwwg\"><span class=\"brz-cp-color2\">Aucune donn\u00e9e sensible n\u2019est demand\u00e9e.<\/span><\/p>\n<h2 class=\"brz-tp-lg-heading2 brz-css-x6oOj\" data-generated-css=\"brz-css-kvYn9\" data-uniq-id=\"g97BW\"><strong class=\"brz-cp-color2\">3. Finalit\u00e9 du traitement<\/strong><\/h2>\n<p class=\"brz-tp-lg-paragraph brz-css-ml5Y5\" data-generated-css=\"brz-css-liP5y\" data-uniq-id=\"i4_58\"><span class=\"brz-cp-color2\">Les donn\u00e9es sont utilis\u00e9es pour :<\/span><\/p>\n<ul>\n<li class=\"brz-tp-lg-paragraph brz-bcp-color2 brz-css-iAiLT\" data-generated-css=\"brz-css-sJUl1\" data-uniq-id=\"dwf6D\"><span class=\"brz-cp-color2\">vous r\u00e9pondre,<\/span><\/li>\n<li class=\"brz-tp-lg-paragraph brz-bcp-color2 brz-css-qF9N5\" data-generated-css=\"brz-css-l_Klv\" data-uniq-id=\"ip3fV\"><span class=\"brz-cp-color2\">\u00e9tablir un devis,<\/span><\/li>\n<li class=\"brz-tp-lg-paragraph brz-bcp-color2 brz-css-s062b\" data-generated-css=\"brz-css-dkYgb\" data-uniq-id=\"d3ihG\"><span class=\"brz-cp-color2\">assurer le suivi du projet,<\/span><\/li>\n<li class=\"brz-tp-lg-paragraph brz-bcp-color2 brz-css-gCBBn\" data-generated-css=\"brz-css-qTBNR\" data-uniq-id=\"vAXH1\"><span class=\"brz-cp-color2\">am\u00e9liorer le service,<\/span><\/li>\n<li class=\"brz-tp-lg-paragraph brz-bcp-color2 brz-css-w_tJ2\" data-generated-css=\"brz-css-a4eGM\" data-uniq-id=\"grJto\"><span class=\"brz-cp-color2\">respecter nos obligations l\u00e9gales.<\/span><\/li>\n<\/ul>\n<p class=\"brz-tp-lg-paragraph brz-css-gVAHv\" data-generated-css=\"brz-css-zBNHe\" data-uniq-id=\"uSrVv\"><span class=\"brz-cp-color2\">Aucune donn\u00e9e n\u2019est vendue ou partag\u00e9e \u00e0 des tiers \u00e0 des fins commerciales.<\/span><\/p>\n<h2 class=\"brz-tp-lg-heading2 brz-css-f8ZjS\" data-generated-css=\"brz-css-s9oBr\" data-uniq-id=\"vc0zq\"><strong class=\"brz-cp-color2\">4. Base l\u00e9gale<\/strong><\/h2>\n<p class=\"brz-tp-lg-paragraph brz-css-fqRac\" data-generated-css=\"brz-css-tNiaz\" data-uniq-id=\"nteig\"><span class=\"brz-cp-color2\">Le traitement repose sur :<\/span><\/p>\n<ul>\n<li class=\"brz-tp-lg-paragraph brz-bcp-color2 brz-css-dMdO6\" data-generated-css=\"brz-css-qKxj2\" data-uniq-id=\"f0GFc\"><span class=\"brz-cp-color2\">l\u2019ex\u00e9cution d\u2019une prestation ou de mesures pr\u00e9contractuelles (r\u00e9ponses aux demandes),<\/span><\/li>\n<li class=\"brz-tp-lg-paragraph brz-bcp-color2 brz-css-gOGpe\" data-generated-css=\"brz-css-ocAgq\" data-uniq-id=\"dcioO\"><span class=\"brz-cp-color2\">votre consentement (formulaires),<\/span><\/li>\n<li class=\"brz-tp-lg-paragraph brz-bcp-color2 brz-css-jIpia\" data-generated-css=\"brz-css-aS59f\" data-uniq-id=\"fwIxg\"><span class=\"brz-cp-color2\">l\u2019int\u00e9r\u00eat l\u00e9gitime (gestion interne).<\/span><\/li>\n<\/ul>\n<h2 class=\"brz-tp-lg-heading2 brz-css-lxDgJ\" data-generated-css=\"brz-css-tGOCq\" data-uniq-id=\"ucIon\"><strong class=\"brz-cp-color2\">5. Dur\u00e9e de conservation<\/strong><\/h2>\n<ul>\n<li class=\"brz-tp-lg-paragraph brz-css-z5lxE\" data-generated-css=\"brz-css-szc3T\" data-uniq-id=\"neKeR\"><span class=\"brz-cp-color2\">Demandes de contact :&nbsp;<\/span><strong class=\"brz-cp-color2\">12 mois<\/strong><\/li>\n<li class=\"brz-tp-lg-paragraph brz-css-kR5c4\" data-generated-css=\"brz-css-wjgQL\" data-uniq-id=\"vE2Oq\"><span class=\"brz-cp-color2\">Clients :&nbsp;<\/span><strong class=\"brz-cp-color2\">10 ans<\/strong><span class=\"brz-cp-color2\">&nbsp;(obligations comptables)<\/span><\/li>\n<\/ul>\n<h2 class=\"brz-tp-lg-heading2 brz-css-zXAS5\" data-generated-css=\"brz-css-ay8eO\" data-uniq-id=\"meXWM\"><strong class=\"brz-cp-color2\">6. Destinataires<\/strong><\/h2>\n<p class=\"brz-tp-lg-paragraph brz-css-fulRA\" data-generated-css=\"brz-css-kiOlV\" data-uniq-id=\"yeCb2\"><span class=\"brz-cp-color2\">Seul Chardon D\u00e9co (Jonathan Chardon) acc\u00e8de aux donn\u00e9es.<\/span><\/p>\n<p class=\"brz-tp-lg-paragraph brz-css-gbgdt\" data-generated-css=\"brz-css-xNwgW\" data-uniq-id=\"zNksf\"><span class=\"brz-cp-color2\">Aucun transfert hors UE n\u2019est r\u00e9alis\u00e9.<\/span><\/p>\n<h2 class=\"brz-tp-lg-heading2 brz-css-yQOxV\" data-generated-css=\"brz-css-a_nD2\" data-uniq-id=\"xl_dN\"><strong class=\"brz-cp-color2\">7. Vos droits<\/strong><\/h2>\n<p class=\"brz-tp-lg-paragraph brz-css-ehmIK\" data-generated-css=\"brz-css-xoLFX\" data-uniq-id=\"fT3pD\"><span class=\"brz-cp-color2\">Conform\u00e9ment au RGPD, vous disposez des droits :<\/span><\/p>\n<ul>\n<li class=\"brz-tp-lg-paragraph brz-bcp-color2 brz-css-fFTPv\" data-generated-css=\"brz-css-e1Afy\" data-uniq-id=\"tRaiW\"><span class=\"brz-cp-color2\">d\u2019acc\u00e8s<\/span><\/li>\n<li class=\"brz-tp-lg-paragraph brz-bcp-color2 brz-css-ucTAC\" data-generated-css=\"brz-css-lcvbm\" data-uniq-id=\"fy9s2\"><span class=\"brz-cp-color2\">de rectification<\/span><\/li>\n<li class=\"brz-tp-lg-paragraph brz-bcp-color2 brz-css-cYxWk\" data-generated-css=\"brz-css-mriT_\" data-uniq-id=\"pdnmy\"><span class=\"brz-cp-color2\">d\u2019effacement<\/span><\/li>\n<li class=\"brz-tp-lg-paragraph brz-bcp-color2 brz-css-ePwr_\" data-generated-css=\"brz-css-kfRp0\" data-uniq-id=\"aDXyk\"><span class=\"brz-cp-color2\">d\u2019opposition<\/span><\/li>\n<li class=\"brz-tp-lg-paragraph brz-bcp-color2 brz-css-fL0_C\" data-generated-css=\"brz-css-mie0i\" data-uniq-id=\"vYHMG\"><span class=\"brz-cp-color2\">de limitation<\/span><\/li>\n<li class=\"brz-tp-lg-paragraph brz-bcp-color2 brz-css-rt0qW\" data-generated-css=\"brz-css-hCXUN\" data-uniq-id=\"hWN6p\"><span class=\"brz-cp-color2\">de portabilit\u00e9<\/span><\/li>\n<\/ul>\n<p class=\"brz-tp-lg-paragraph brz-css-n7zgV\" data-generated-css=\"brz-css-j8gUS\" data-uniq-id=\"wnDdP\"><span class=\"brz-cp-color2\">Pour exercer vos droits :<\/span><\/p>\n<p class=\"brz-tp-lg-paragraph brz-css-ddpis\" data-generated-css=\"brz-css-sZC_H\" data-uniq-id=\"vQHhl\"><span class=\"brz-cp-color2\">contact@chardondeco.com<\/span><\/p>\n<h2 class=\"brz-tp-lg-heading2 brz-css-pqVSU\" data-generated-css=\"brz-css-nADW4\" data-uniq-id=\"dKd4a\"><strong class=\"brz-cp-color2\">8. S\u00e9curit\u00e9<\/strong><\/h2>\n<p class=\"brz-tp-lg-paragraph brz-css-dg7sV\" data-generated-css=\"brz-css-yS5e1\" data-uniq-id=\"xtzD6\"><span class=\"brz-cp-color2\">Les donn\u00e9es sont stock\u00e9es de mani\u00e8re s\u00e9curis\u00e9e via l\u2019h\u00e9bergeur et les services utilis\u00e9s.<\/span><\/p>\n<h2 class=\"brz-tp-lg-heading2 brz-css-qivwC\" data-generated-css=\"brz-css-rIMs2\" data-uniq-id=\"cTiqW\"><strong class=\"brz-cp-color2\">9. Mise \u00e0 jour<\/strong><\/h2>\n<p class=\"brz-tp-lg-paragraph brz-css-burs5\" data-generated-css=\"brz-css-q4PDP\" data-uniq-id=\"prKUB\"><span class=\"brz-cp-color2\">La pr\u00e9sente politique pourra \u00eatre modifi\u00e9e \u00e0 tout moment.<\/span><\/p>\n<\/div>\n<\/div>\n<\/div>\n<\/div>\n<\/div>\n<\/section><\/div>\n<p><!-- version:1765225745 --><\/p>\n","protected":false},"excerpt":{"rendered":"<p>POLITIQUE DE CONFIDENTIALIT\u00c9 (RGPD) 1. Responsable du traitement Chardon D\u00e9co \u2013 Jonathan Chardon contact@chardondeco.com 2. Donn\u00e9es collect\u00e9es Nous collectons uniquement les donn\u00e9es n\u00e9cessaires \u00e0 la gestion des demandes clients : Nom et pr\u00e9nom Email T\u00e9l\u00e9phone Adresse du projet Informations li\u00e9es au projet (surface, pi\u00e8ces, budget, style, d\u00e9lais\u2026) Aucune donn\u00e9e sensible n\u2019est demand\u00e9e. 3. Finalit\u00e9 du [&hellip;]<\/p>\n","protected":false},"author":1,"featured_media":0,"parent":0,"menu_order":0,"comment_status":"closed","ping_status":"closed","template":"brizy-blank-template.php","meta":{"om_disable_all_campaigns":false,"_monsterinsights_skip_tracking":false,"_monsterinsights_sitenote_active":false,"_monsterinsights_sitenote_note":"","_monsterinsights_sitenote_category":0,"footnotes":""},"class_list":["post-1202","page","type-page","status-publish","hentry"],"aioseo_notices":[],"brizy_media":[],"_links":{"self":[{"href":"https:\/\/chardondeco.com\/index.php?rest_route=\/wp\/v2\/pages\/1202","targetHints":{"allow":["GET"]}}],"collection":[{"href":"https:\/\/chardondeco.com\/index.php?rest_route=\/wp\/v2\/pages"}],"about":[{"href":"https:\/\/chardondeco.com\/index.php?rest_route=\/wp\/v2\/types\/page"}],"author":[{"embeddable":true,"href":"https:\/\/chardondeco.com\/index.php?rest_route=\/wp\/v2\/users\/1"}],"replies":[{"embeddable":true,"href":"https:\/\/chardondeco.com\/index.php?rest_route=%2Fwp%2Fv2%2Fcomments&post=1202"}],"version-history":[{"count":10,"href":"https:\/\/chardondeco.com\/index.php?rest_route=\/wp\/v2\/pages\/1202\/revisions"}],"predecessor-version":[{"id":1234,"href":"https:\/\/chardondeco.com\/index.php?rest_route=\/wp\/v2\/pages\/1202\/revisions\/1234"}],"wp:attachment":[{"href":"https:\/\/chardondeco.com\/index.php?rest_route=%2Fwp%2Fv2%2Fmedia&parent=1202"}],"curies":[{"name":"wp","href":"https:\/\/api.w.org\/{rel}","templated":true}]}}