{"id":1235,"date":"2025-12-08T20:53:43","date_gmt":"2025-12-08T20:53:43","guid":{"rendered":"https:\/\/chardondeco.com\/?page_id=1235"},"modified":"2026-04-07T13:28:50","modified_gmt":"2026-04-07T13:28:50","slug":"politique-cookies","status":"publish","type":"page","link":"https:\/\/chardondeco.com\/?page_id=1235","title":{"rendered":"POLITIQUE COOKIES"},"content":{"rendered":"<div class=\"brz brz-root__container brz-reset-all brz-root__container-page\">\n<section id=\"gsoGAJFHPzdd_gsoGAJFHPzdd\" class=\"brz-section brz-css-d-section brz-css-6usnj0\">\n<div class=\"brz-section__content brz-section--boxed brz-css-d-sectionitem-bg brz-css-1iaonkn\" data-brz-custom-id=\"qV5DWgycNyl_\">\n<div class=\"brz-bg\">\n<div class=\"brz-bg-image\"><\/div>\n<div class=\"brz-bg-color\"><\/div>\n<\/div>\n<div class=\"brz-container brz-css-d-sectionitem-container brz-css-1ql50wc\">\n<div class=\"brz-row__container brz-css-d-row-row brz-css-y4gr44\" data-brz-custom-id=\"eybf31o8Rzmg\">\n<div class=\"brz-row brz-css-d-row-container brz-css-r-row-container brz-css-fbns54\">\n<div class=\"brz-columns brz-css-d-column-column brz-css-fyivpd\" data-brz-custom-id=\"evwSGWxhI1Nx\">\n<div class=\"brz-column__items brz-css-d-column-bg brz-css-1ydv2us\">\n<div id=\"\" class=\"brz-css-d-wrapper brz-css-1jet8i1 brz-wrapper\">\n<div class=\"brz-rich-text brz-rich-text__custom brz-css-d-richtext brz-css-19hjpb6\" data-brz-custom-id=\"t8cdG7EFKCvH\">\n<div data-brz-translate-text=\"1\">\n<h2 class=\"brz-tp-lg-heading2 brz-text-xs-center brz-css-jKEV9\" data-uniq-id=\"prF6k\" data-generated-css=\"brz-css-dGAnE\"><strong class=\"brz-cp-color2\">POLITIQUE COOKIES <\/strong><\/h2>\n<h2 class=\"brz-tp-lg-heading2 brz-text-xs-center brz-css-zA8TW\" data-uniq-id=\"fBLYm\" data-generated-css=\"brz-css-dtTvo\"><strong class=\"brz-cp-color2\"> <\/strong><\/h2>\n<h2 class=\"brz-tp-lg-heading2 brz-text-xs-center brz-css-odDni\" data-uniq-id=\"xJvfD\" data-generated-css=\"brz-css-eDuEf\"><strong class=\"brz-cp-color2\">Qu\u2019est-ce qu\u2019un cookie ?<\/strong><\/h2>\n<p class=\"brz-tp-lg-abovetitle brz-text-xs-center brz-css-tMbk7\" data-uniq-id=\"vi1CR\" data-generated-css=\"brz-css-jJPaR\"><span class=\"brz-cp-color2\">Un cookie est un petit fichier stock\u00e9 dans votre navigateur, utilis\u00e9 pour analyser la navigation ou permettre certaines fonctionnalit\u00e9s.<\/span><\/p>\n<h2 class=\"brz-tp-lg-heading2 brz-text-xs-center brz-css-cK9N2\" data-uniq-id=\"oUq_n\" data-generated-css=\"brz-css-vMhL9\"><strong class=\"brz-cp-color2\">Cookies utilis\u00e9s sur le site<\/strong><\/h2>\n<p class=\"brz-tp-lg-abovetitle brz-text-xs-center brz-css-vTPEm\" data-uniq-id=\"lYDfy\" data-generated-css=\"brz-css-bYypg\"><span class=\"brz-cp-color2\">Le site peut utiliser :<\/span><\/p>\n<h3 class=\"brz-tp-lg-heading3 brz-text-xs-center brz-css-h6B90\" data-uniq-id=\"s8CvK\" data-generated-css=\"brz-css-eV0VE\"><strong class=\"brz-cp-color2\">Cookies techniques (obligatoires)<\/strong><\/h3>\n<ul>\n<li class=\"brz-tp-lg-abovetitle brz-text-xs-center brz-bcp-color2 brz-css-b_Xw0\" data-uniq-id=\"gww11\" data-generated-css=\"brz-css-xrzY6\" style=\"opacity: 0.8\"><span class=\"brz-cp-color2\">navigation<\/span><\/li>\n<li class=\"brz-tp-lg-abovetitle brz-text-xs-center brz-bcp-color2 brz-css-hH0bX\" data-uniq-id=\"oT3TM\" data-generated-css=\"brz-css-g8hjl\" style=\"opacity: 0.8\"><span class=\"brz-cp-color2\">s\u00e9curit\u00e9<\/span><\/li>\n<li class=\"brz-tp-lg-abovetitle brz-text-xs-center brz-bcp-color2 brz-css-xNN0C\" data-uniq-id=\"dRZrv\" data-generated-css=\"brz-css-l9Kq9\" style=\"opacity: 0.8\"><span class=\"brz-cp-color2\">fonctionnement des formulaires<\/span><\/li>\n<\/ul>\n<h3 class=\"brz-tp-lg-heading3 brz-text-xs-center brz-css-wZQqM\" data-uniq-id=\"yQG75\" data-generated-css=\"brz-css-dPsAr\"><strong class=\"brz-cp-color2\">Cookies statistiques<\/strong><\/h3>\n<p class=\"brz-tp-lg-abovetitle brz-text-xs-center brz-css-qvHEG\" data-uniq-id=\"ujTdZ\" data-generated-css=\"brz-css-wq3Oa\"><\/p>\n<p class=\"brz-tp-lg-abovetitle brz-text-xs-center brz-css-vOXmt\" data-uniq-id=\"aGKm0\" data-generated-css=\"brz-css-iXuzc\"><span class=\"brz-cp-color2\">\u2192 utilis\u00e9 pour analyser le trafic et am\u00e9liorer l\u2019exp\u00e9rience.<\/span><\/p>\n<p data-uniq-id=\"aGKm0\" data-generated-css=\"brz-css-iXuzc\" class=\"brz-tp-lg-abovetitle brz-text-xs-center brz-css-rpFPx\"><span class=\"brz-cp-color2\"> <\/span><\/p>\n<h3 class=\"brz-tp-lg-heading3 brz-text-xs-center brz-css-hoDPX\" data-uniq-id=\"hnQXN\" data-generated-css=\"brz-css-wlPrj\"><strong class=\"brz-cp-color2\">Cookies marketing<\/strong><\/h3>\n<p class=\"brz-tp-lg-abovetitle brz-text-xs-center brz-css-lVFB5\" data-uniq-id=\"vfveC\" data-generated-css=\"brz-css-k35mQ\"><span class=\"brz-cp-color2\">Uniquement si des outils externes sont ajout\u00e9s (non utilis\u00e9s par d\u00e9faut).<\/span><\/p>\n<p data-uniq-id=\"vfveC\" data-generated-css=\"brz-css-k35mQ\" class=\"brz-tp-lg-abovetitle brz-text-xs-center brz-css-asPwu\"><span class=\"brz-cp-color2\"> <\/span><\/p>\n<h2 class=\"brz-tp-lg-heading2 brz-text-xs-center brz-css-ePHvI\" data-uniq-id=\"rYUan\" data-generated-css=\"brz-css-bZ1Te\"><strong class=\"brz-cp-color2\">Gestion des cookies<\/strong><\/h2>\n<p class=\"brz-tp-lg-abovetitle brz-text-xs-center brz-css-cpveP\" data-uniq-id=\"aiKrA\" data-generated-css=\"brz-css-ekDyt\"><span class=\"brz-cp-color2\">Vous pouvez refuser ou supprimer les cookies :<\/span><\/p>\n<ul>\n<li class=\"brz-tp-lg-abovetitle brz-text-xs-center brz-bcp-color2 brz-css-zC_Ab\" data-uniq-id=\"nprkE\" data-generated-css=\"brz-css-sFTEd\" style=\"opacity: 0.8\"><span class=\"brz-cp-color2\">via la banni\u00e8re d\u2019accueil,<\/span><\/li>\n<li class=\"brz-tp-lg-abovetitle brz-text-xs-center brz-bcp-color2 brz-css-pNGgI\" data-uniq-id=\"bzsnJ\" data-generated-css=\"brz-css-dTTwx\" style=\"opacity: 0.8\"><span class=\"brz-cp-color2\">via les param\u00e8tres de votre navigateur.<\/span><\/li>\n<\/ul>\n<p data-uniq-id=\"bzsnJ\" class=\"brz-bcp-color2 brz-tp-lg-abovetitle brz-text-xs-center brz-css-qhLvY\" data-generated-css=\"brz-css-dTTwx\"><span class=\"brz-cp-color2\"> <\/span><\/p>\n<h2 class=\"brz-tp-lg-heading2 brz-text-xs-center brz-css-wYiEA\" data-uniq-id=\"wIfyk\" data-generated-css=\"brz-css-d_9j1\"><strong class=\"brz-cp-color2\">Dur\u00e9e de conservation<\/strong><\/h2>\n<p class=\"brz-tp-lg-abovetitle brz-text-xs-center brz-css-z8UW3\" data-uniq-id=\"sW7GI\" data-generated-css=\"brz-css-sY7uu\"><span class=\"brz-cp-color2\">12 mois maximum.<\/span><\/p>\n<\/div>\n<\/div>\n<\/div>\n<div id=\"\" class=\"brz-css-d-wrapper brz-css-r-wrapper brz-css-1nc5hcd brz-wrapper\">\n<div class=\"brz-spacer brz-css-d-spacer brz-css-dk21jt\"><\/div>\n<\/div>\n<\/div>\n<\/div>\n<\/div>\n<\/div>\n<\/div>\n<\/div>\n<\/section><\/div>\n<p><!-- version:1765227173 --><\/p>\n","protected":false},"excerpt":{"rendered":"<p>POLITIQUE COOKIES Qu\u2019est-ce qu\u2019un cookie ? Un cookie est un petit fichier stock\u00e9 dans votre navigateur, utilis\u00e9 pour analyser la navigation ou permettre certaines fonctionnalit\u00e9s. Cookies utilis\u00e9s sur le site Le site peut utiliser : Cookies techniques (obligatoires) navigation s\u00e9curit\u00e9 fonctionnement des formulaires Cookies statistiques \u2192 utilis\u00e9 pour analyser le trafic et am\u00e9liorer l\u2019exp\u00e9rience. Cookies [&hellip;]<\/p>\n","protected":false},"author":1,"featured_media":0,"parent":0,"menu_order":0,"comment_status":"closed","ping_status":"closed","template":"brizy-blank-template.php","meta":{"om_disable_all_campaigns":false,"_monsterinsights_skip_tracking":false,"_monsterinsights_sitenote_active":false,"_monsterinsights_sitenote_note":"","_monsterinsights_sitenote_category":0,"footnotes":""},"class_list":["post-1235","page","type-page","status-publish","hentry"],"aioseo_notices":[],"brizy_media":[],"_links":{"self":[{"href":"https:\/\/chardondeco.com\/index.php?rest_route=\/wp\/v2\/pages\/1235","targetHints":{"allow":["GET"]}}],"collection":[{"href":"https:\/\/chardondeco.com\/index.php?rest_route=\/wp\/v2\/pages"}],"about":[{"href":"https:\/\/chardondeco.com\/index.php?rest_route=\/wp\/v2\/types\/page"}],"author":[{"embeddable":true,"href":"https:\/\/chardondeco.com\/index.php?rest_route=\/wp\/v2\/users\/1"}],"replies":[{"embeddable":true,"href":"https:\/\/chardondeco.com\/index.php?rest_route=%2Fwp%2Fv2%2Fcomments&post=1235"}],"version-history":[{"count":3,"href":"https:\/\/chardondeco.com\/index.php?rest_route=\/wp\/v2\/pages\/1235\/revisions"}],"predecessor-version":[{"id":1241,"href":"https:\/\/chardondeco.com\/index.php?rest_route=\/wp\/v2\/pages\/1235\/revisions\/1241"}],"wp:attachment":[{"href":"https:\/\/chardondeco.com\/index.php?rest_route=%2Fwp%2Fv2%2Fmedia&parent=1235"}],"curies":[{"name":"wp","href":"https:\/\/api.w.org\/{rel}","templated":true}]}}