{"id":32,"date":"2022-07-26T08:36:32","date_gmt":"2022-07-26T08:36:32","guid":{"rendered":"https:\/\/websitebuilder-demo.net\/architect\/?page_id=32"},"modified":"2026-04-07T11:51:51","modified_gmt":"2026-04-07T11:51:51","slug":"a-propos","status":"publish","type":"page","link":"https:\/\/chardondeco.com\/?page_id=32","title":{"rendered":"A Propos"},"content":{"rendered":"<div class=\"brz brz-root__container brz-reset-all brz-root__container-page\">\n<section id=\"152f9db342616b12121d_vyhhuhuzarinsqlhdxtiuihlggximmmvtyfu\" class=\"brz-section brz-css-105hhwk brz-css-18he2xj\">\n<div class=\"brz-section__content brz-section--boxed brz-css-16jb9t4 brz-css-1o8m4g3\" data-brz-custom-id=\"hnuioekeovlycndmampggorpimstltmvzvpm\">\n<div class=\"brz-bg\">\n<div class=\"brz-bg-image\"><\/div>\n<div class=\"brz-bg-color\"><\/div>\n<\/div>\n<div class=\"brz-container brz-css-16tc5qb brz-css-1trz6w9\">\n<div id=\"\" class=\"brz-css-1fulk1j brz-css-10qfdd6 brz-wrapper\">\n<div class=\"brz-rich-text brz-rich-text__custom brz-css-a3vg9 brz-css-i6jx57\" data-brz-custom-id=\"nxkdapbkdsogvunmllpiiuexkzumxmogmmxe\">\n<div data-brz-translate-text=\"1\">\n<p class=\"brz-tp-lg-heading2 brz-text-lg-center brz-css-eKaE9\" data-uniq-id=\"pCwdg\" data-generated-css=\"brz-css-f1STB\"><span class=\"brz-cp-color8\">RELOOKER VOTRE INTERIEUR<\/span><\/p>\n<p class=\"brz-tp-lg-heading2 brz-text-lg-left brz-css-l4Dod\" data-uniq-id=\"vwgwD\" data-generated-css=\"brz-css-gFhPW\"><span class=\"brz-cp-color8\"> <\/span><\/p>\n<p data-uniq-id=\"qSi10\" data-generated-css=\"brz-css-zOZYb\" class=\"brz-tp-lg-heading2 brz-bcp-color8 brz-text-lg-center brz-css-cd8E3\"><span class=\"brz-cp-color8\">\u00ab\u00a0Se sentir bien chez soi est primordial.<\/span><\/p>\n<p data-uniq-id=\"cNY4u\" data-generated-css=\"brz-css-rUHMX\" class=\"brz-tp-lg-heading2 brz-bcp-color8 brz-text-lg-center brz-css-qBSVX\"><span class=\"brz-cp-color8\">Un ingr\u00e9dient-cl\u00e9 vers la tranquillit\u00e9 d\u2019esprit et la s\u00e9r\u00e9nit\u00e9.\u00a0\u00bb<\/span><\/p>\n<p class=\"brz-tp-lg-heading2 brz-text-lg-left brz-css-wLit6\" data-uniq-id=\"v5wEw\" data-generated-css=\"brz-css-zjh6Y\"><\/p>\n<\/div>\n<\/div>\n<\/div>\n<div id=\"\" class=\"brz-css-1fulk1j brz-css-1dktcmv brz-css-nptq2q brz-wrapper\">\n<div class=\"brz-spacer brz-css-1ukj0d8 brz-css-ol1m7\"><\/div>\n<\/div>\n<\/div>\n<\/div>\n<\/section>\n<section id=\"hjvcwujmgffioqevdbwxykkrfurovafeftnw_hjvcwujmgffioqevdbwxykkrfurovafeftnw\" class=\"brz-section brz-css-d-section brz-css-cxuiy7\">\n<div class=\"brz-section__content brz-section--boxed brz-css-d-sectionitem-bg brz-css-g65arr\" data-brz-custom-id=\"iunviiuxilueyqpcoxmdefmeemwkfucqfimc\">\n<div class=\"brz-bg\">\n<div class=\"brz-bg-color\"><\/div>\n<\/div>\n<div class=\"brz-container brz-css-d-sectionitem-container brz-css-1fqegf2\">\n<div class=\"brz-row__container brz-css-d-row-row brz-css-8cm324\" data-brz-custom-id=\"aerulaztcqbqpedfetniwxcvmvhgmkmcsuut\">\n<div class=\"brz-row brz-css-d-row-container brz-css-r-row-container brz-css-1dy1hdk\">\n<div class=\"brz-columns brz-css-d-column-column brz-css-dvsg4t\" data-brz-custom-id=\"yEk0SpsJoDAT\">\n<div class=\"brz-column__items brz-css-d-column-bg brz-css-1ibn0o6\">\n<div id=\"\" class=\"brz-css-d-wrapper brz-css-1y0avsb brz-wrapper\">\n<div class=\"brz-rich-text brz-rich-text__custom brz-css-d-richtext brz-css-ucs9sb\" data-brz-custom-id=\"oTkn2pRZxtmu\">\n<div data-brz-translate-text=\"1\">\n<p class=\"brz-text-lg-center brz-tp-lg-empty brz-ff-roboto_condensed brz-ft-google brz-fs-lg-30 brz-fss-lg-px brz-fw-lg-400 brz-ls-lg-0 brz-lh-lg-1_9 brz-vfw-lg-400 brz-fwdth-lg-100 brz-fsft-lg-0 brz-css-pk4H4\" data-generated-css=\"brz-css-bRk6k\" data-uniq-id=\"ha6PE\"><strong class=\"brz-bold-true\">\u00c0 propos de Chardon D\u00e9co<\/strong><\/p>\n<p class=\"brz-text-lg-center brz-tp-lg-empty brz-ff-roboto_condensed brz-ft-google brz-fs-lg-24 brz-fss-lg-px brz-fw-lg-400 brz-ls-lg-0 brz-lh-lg-1_9 brz-vfw-lg-400 brz-fwdth-lg-100 brz-fsft-lg-0 brz-css-wzBbN\" data-generated-css=\"brz-css-gry61\" data-uniq-id=\"x8Xgk\"><strong class=\"brz-bold-true\"> <\/strong><\/p>\n<p class=\"brz-text-lg-center brz-tp-lg-paragraph brz-css-xCtIT\" data-generated-css=\"brz-css-rRKRD\" data-uniq-id=\"bDpY2\">Je m\u2019appelle&nbsp;<strong>Jonathan Chardon<\/strong>, d\u00e9corateur et designer d\u2019int\u00e9rieur \u00e0 Chessy, fondateur de Chardon D\u00e9co.<\/p>\n<p class=\"brz-text-lg-center brz-tp-lg-paragraph brz-css-wYY8h\" data-generated-css=\"brz-css-gvwZI\" data-uniq-id=\"aQmmS\">Mon objectif est simple : cr\u00e9er des int\u00e9rieurs&nbsp;<strong>beaux, fonctionnels et profond\u00e9ment agr\u00e9ables \u00e0 vivre<\/strong>, en mettant l\u2019humain au centre de chaque projet.<\/p>\n<p class=\"brz-text-lg-center brz-tp-lg-paragraph brz-css-hn97F\" data-generated-css=\"brz-css-h4K5a\" data-uniq-id=\"ukpRO\">Pour moi, un int\u00e9rieur bien pens\u00e9, c\u2019est un espace qui respire la fluidit\u00e9, le confort et la personnalit\u00e9 de ses habitants.<\/p>\n<p class=\"brz-text-lg-center brz-tp-lg-paragraph brz-css-i9Zpr\" data-generated-css=\"brz-css-mKWAw\" data-uniq-id=\"kdlhH\">Chaque projet est une rencontre, un \u00e9change, une histoire \u00e0 construire ensemble.<\/p>\n<p class=\"brz-text-lg-center brz-tp-lg-paragraph brz-css-dKAL_\" data-generated-css=\"brz-css-be1QS\" data-uniq-id=\"zjUHH\"><\/p>\n<p class=\"brz-text-lg-center brz-fsft-lg-0 brz-fwdth-lg-100 brz-vfw-lg-400 brz-lh-lg-1 brz-ls-lg-0 brz-fw-lg-400 brz-fss-lg-px brz-fs-lg-24 brz-ft-google brz-ff-roboto_condensed brz-tp-lg-empty brz-css-qe7AH\" data-generated-css=\"brz-css-qcAcO\" data-uniq-id=\"dKwwk\"><strong>Ma mission<\/strong><\/p>\n<p class=\"brz-text-lg-center brz-tp-lg-paragraph brz-css-m7g8w\" data-generated-css=\"brz-css-zXh2r\" data-uniq-id=\"hLqVp\">Donner vie \u00e0 des espaces harmonieux, chaleureux et optimis\u00e9s, o\u00f9 chaque d\u00e9tail a du sens.<\/p>\n<p class=\"brz-text-lg-center brz-tp-lg-paragraph brz-css-zRaD1\" data-generated-css=\"brz-css-n4IMB\" data-uniq-id=\"jgX7M\">Cr\u00e9er un int\u00e9rieur dans lequel vous vous sentirez vraiment bien, tous les jours \u2014 voil\u00e0 ce qui me motive.<\/p>\n<p class=\"brz-text-lg-center brz-tp-lg-paragraph brz-css-r6pu_\" data-generated-css=\"brz-css-h3Bhp\" data-uniq-id=\"cFqPi\"><\/p>\n<p class=\"brz-text-lg-center brz-fsft-lg-0 brz-fwdth-lg-100 brz-vfw-lg-400 brz-lh-lg-1 brz-ls-lg-0 brz-fw-lg-400 brz-fss-lg-px brz-fs-lg-24 brz-ft-google brz-ff-roboto_condensed brz-tp-lg-empty brz-css-rChFC\" data-generated-css=\"brz-css-bAd92\" data-uniq-id=\"sgJsH\"><strong class=\"brz-bold-true\">Mon approche<\/strong><\/p>\n<p class=\"brz-text-lg-center brz-tp-lg-paragraph brz-css-gHQFx\" data-generated-css=\"brz-css-kODg8\" data-uniq-id=\"eSeBY\">J\u2019aime concevoir des projets qui allient&nbsp;<strong>esth\u00e9tique et pragmatisme<\/strong>.<\/p>\n<p class=\"brz-text-lg-center brz-tp-lg-paragraph brz-css-lxIRs\" data-generated-css=\"brz-css-kluvc\" data-uniq-id=\"xDtZP\">Mon accompagnement repose sur quatre piliers :<\/p>\n<p class=\"brz-text-lg-center brz-tp-lg-paragraph brz-css-pJ2gM\" data-generated-css=\"brz-css-cVjZJ\" data-uniq-id=\"xI_bz\"><\/p>\n<p class=\"brz-text-lg-center brz-fsft-lg-0 brz-fwdth-lg-100 brz-vfw-lg-400 brz-lh-lg-1_4 brz-ls-lg-0 brz-fw-lg-400 brz-fss-lg-px brz-fs-lg-24 brz-ft-google brz-ff-roboto_condensed brz-tp-lg-empty brz-css-uK4sm\" data-generated-css=\"brz-css-muiiU\" data-uniq-id=\"kphiG\"><strong class=\"brz-bold-true\">1. L\u2019\u00e9coute<\/strong><\/p>\n<p class=\"brz-text-lg-center brz-tp-lg-paragraph brz-css-mFyRn\" data-generated-css=\"brz-css-uVdxp\" data-uniq-id=\"o3Egd\">Comprendre votre mode de vie, vos envies, votre sensibilit\u00e9, vos contraintes.<\/p>\n<p class=\"brz-text-lg-center brz-tp-lg-paragraph brz-css-dfUh0\" data-generated-css=\"brz-css-dJeGh\" data-uniq-id=\"lChFz\">Un projet r\u00e9ussi commence toujours par un vrai dialogue.<\/p>\n<p class=\"brz-text-lg-center brz-tp-lg-paragraph brz-css-vTtGg\" data-generated-css=\"brz-css-pl_rx\" data-uniq-id=\"sV6QE\"><\/p>\n<p class=\"brz-text-lg-center brz-fsft-lg-0 brz-fwdth-lg-100 brz-vfw-lg-400 brz-lh-lg-1_4 brz-ls-lg-0 brz-fw-lg-400 brz-fss-lg-px brz-fs-lg-24 brz-ft-google brz-ff-roboto_condensed brz-tp-lg-empty brz-css-epF6Y\" data-generated-css=\"brz-css-oKjzu\" data-uniq-id=\"qPC5Q\"><strong class=\"brz-bold-true\">2. La cr\u00e9ativit\u00e9 au service de l\u2019util<\/strong><strong>e<\/strong><\/p>\n<p class=\"brz-text-lg-center brz-tp-lg-paragraph brz-css-kyDVp\" data-generated-css=\"brz-css-hLbHh\" data-uniq-id=\"gF3bD\">Chaque id\u00e9e doit \u00eatre belle&nbsp;<strong>et<\/strong>&nbsp;fonctionnelle.<\/p>\n<p class=\"brz-text-lg-center brz-tp-lg-paragraph brz-css-c36WN\" data-generated-css=\"brz-css-wpunP\" data-uniq-id=\"z0Hy9\">J\u2019imagine des espaces coh\u00e9rents, ergonomiques, adapt\u00e9s \u00e0 la r\u00e9alit\u00e9 de votre quotidien.<\/p>\n<p class=\"brz-text-lg-center brz-tp-lg-paragraph brz-css-oRa9a\" data-generated-css=\"brz-css-iYvzJ\" data-uniq-id=\"hWmNI\"><\/p>\n<p class=\"brz-text-lg-center brz-fsft-lg-0 brz-fwdth-lg-100 brz-vfw-lg-400 brz-lh-lg-1_4 brz-ls-lg-0 brz-fw-lg-400 brz-fss-lg-px brz-fs-lg-24 brz-ft-google brz-ff-roboto_condensed brz-tp-lg-empty brz-css-zIz6y\" data-generated-css=\"brz-css-nvV7D\" data-uniq-id=\"i5r3e\"><strong class=\"brz-bold-true\">3. La pr\u00e9cision technique<\/strong><\/p>\n<p class=\"brz-text-lg-center brz-tp-lg-paragraph brz-css-qgZq5\" data-generated-css=\"brz-css-bZnsG\" data-uniq-id=\"zWOSZ\">Plans, agencement, couleurs, volumes\u2026<\/p>\n<p class=\"brz-text-lg-center brz-tp-lg-paragraph brz-css-eV8i_\" data-generated-css=\"brz-css-pLSTc\" data-uniq-id=\"pmnLt\">J\u2019accorde une grande importance aux d\u00e9tails, parce que ce sont eux qui rendent un espace fluide.<\/p>\n<p class=\"brz-text-lg-center brz-tp-lg-paragraph brz-css-n_oJ4\" data-generated-css=\"brz-css-fhUpI\" data-uniq-id=\"a6kGJ\"><\/p>\n<p class=\"brz-text-lg-center brz-fsft-lg-0 brz-fwdth-lg-100 brz-vfw-lg-400 brz-lh-lg-1_4 brz-ls-lg-0 brz-fw-lg-400 brz-fss-lg-px brz-fs-lg-24 brz-ft-google brz-ff-roboto_condensed brz-tp-lg-empty brz-css-qxXWs\" data-generated-css=\"brz-css-s2sPE\" data-uniq-id=\"b4R_r\"><strong class=\"brz-bold-true\">4. L\u2019accompagnement humain<\/strong><\/p>\n<p class=\"brz-text-lg-center brz-tp-lg-paragraph brz-css-edX8p\" data-generated-css=\"brz-css-wvGdI\" data-uniq-id=\"v2M80\">Je vous guide, je vous rassure, je vous simplifie la vie.<\/p>\n<p class=\"brz-text-lg-center brz-tp-lg-paragraph brz-css-dT9rd\" data-generated-css=\"brz-css-gpLzW\" data-uniq-id=\"kHARZ\">On avance ensemble, \u00e0 votre rythme.<\/p>\n<p class=\"brz-text-lg-center brz-fsft-lg-0 brz-fwdth-lg-100 brz-vfw-lg-400 brz-lh-lg-1 brz-ls-lg-0 brz-fw-lg-400 brz-fss-lg-px brz-fs-lg-24 brz-ft-google brz-ff-roboto_condensed brz-tp-lg-empty brz-css-otcAm\" data-generated-css=\"brz-css-x9MGJ\" data-uniq-id=\"egGl9\"><\/p>\n<p class=\"brz-text-lg-center brz-fsft-lg-0 brz-fwdth-lg-100 brz-vfw-lg-400 brz-lh-lg-1 brz-ls-lg-0 brz-fw-lg-400 brz-fss-lg-px brz-fs-lg-24 brz-ft-google brz-ff-roboto_condensed brz-tp-lg-empty brz-css-ycIsP\" data-generated-css=\"brz-css-v0UPR\" data-uniq-id=\"w8P7e\"><strong class=\"brz-bold-true\">Ce qui me diff\u00e9rencie<\/strong><\/p>\n<p class=\"brz-text-lg-center brz-fsft-lg-0 brz-fwdth-lg-100 brz-vfw-lg-400 brz-lh-lg-1_9 brz-ls-lg-0 brz-fw-lg-400 brz-fss-lg-px brz-fs-lg-18 brz-ft-google brz-ff-roboto_condensed brz-tp-lg-empty brz-css-fckp1\" data-generated-css=\"brz-css-pS0uo\" data-uniq-id=\"rgOGm\"><strong class=\"brz-bold-true\">Une double expertise : d\u00e9coration + sens aigu de l\u2019espace<\/strong><\/p>\n<p class=\"brz-text-lg-center brz-tp-lg-paragraph brz-css-vJASr\" data-generated-css=\"brz-css-hupus\" data-uniq-id=\"a0psr\">Mon exp\u00e9rience dans l\u2019a\u00e9rien m&rsquo;a appris la gestion optimale des volumes, l\u2019organisation intelligente, l\u2019efficacit\u00e9 et la fluidit\u00e9.<\/p>\n<p class=\"brz-text-lg-center brz-tp-lg-paragraph brz-css-zcFBa\" data-generated-css=\"brz-css-cMNrF\" data-uniq-id=\"zrCMC\">Aujourd\u2019hui, c\u2019est devenu l\u2019une de mes forces dans l\u2019am\u00e9nagement int\u00e9rieur.<\/p>\n<p class=\"brz-text-lg-center brz-tp-lg-paragraph brz-css-rDvll\" data-generated-css=\"brz-css-lmODS\" data-uniq-id=\"tw0CM\"><\/p>\n<p class=\"brz-text-lg-center brz-fsft-lg-0 brz-fwdth-lg-100 brz-vfw-lg-400 brz-lh-lg-1_4 brz-ls-lg-0 brz-fw-lg-400 brz-fss-lg-px brz-fs-lg-24 brz-ft-google brz-ff-roboto_condensed brz-tp-lg-empty brz-css-fi_66\" data-generated-css=\"brz-css-v6k_O\" data-uniq-id=\"pisy5\"><strong class=\"brz-bold-true\">Un accompagnement modulable selon votre besoin<\/strong><\/p>\n<p class=\"brz-text-lg-center brz-tp-lg-paragraph brz-css-xK2gb\" data-generated-css=\"brz-css-hcO4s\" data-uniq-id=\"gEyDP\">Offre Essentielle, Compl\u00e8te ou Premium : chaque client trouve la formule la plus adapt\u00e9e \u00e0 son projet, \u00e0 son budget et \u00e0 son niveau d\u2019autonomie.<\/p>\n<p class=\"brz-text-lg-center brz-tp-lg-paragraph brz-css-tyaeW\" data-generated-css=\"brz-css-iMXUx\" data-uniq-id=\"zY7Lu\"><\/p>\n<p class=\"brz-text-lg-center brz-fsft-lg-0 brz-fwdth-lg-100 brz-vfw-lg-400 brz-lh-lg-1_4 brz-ls-lg-0 brz-fw-lg-400 brz-fss-lg-px brz-fs-lg-24 brz-ft-google brz-ff-roboto_condensed brz-tp-lg-empty brz-css-mw9Cp\" data-generated-css=\"brz-css-jHSJJ\" data-uniq-id=\"ntsWb\"><strong class=\"brz-bold-true\">Une vision sur mesure<\/strong><\/p>\n<p class=\"brz-text-lg-center brz-tp-lg-paragraph brz-css-vw0qm\" data-generated-css=\"brz-css-cU6X3\" data-uniq-id=\"tBLMD\">Aucun projet ne se ressemble.<\/p>\n<p class=\"brz-text-lg-center brz-tp-lg-paragraph brz-css-dKh13\" data-generated-css=\"brz-css-hkXku\" data-uniq-id=\"rO039\">Je cr\u00e9e une ambiance unique \u00e0 chaque fois, en respectant votre personnalit\u00e9.<\/p>\n<p class=\"brz-text-lg-center brz-tp-lg-paragraph brz-css-xJ9xz\" data-generated-css=\"brz-css-nRgSb\" data-uniq-id=\"fk0r7\"><\/p>\n<p class=\"brz-text-lg-center brz-fsft-lg-0 brz-fwdth-lg-100 brz-vfw-lg-400 brz-lh-lg-1_4 brz-ls-lg-0 brz-fw-lg-400 brz-fss-lg-px brz-fs-lg-24 brz-ft-google brz-ff-roboto_condensed brz-tp-lg-empty brz-css-oJeFD\" data-generated-css=\"brz-css-tpGZe\" data-uniq-id=\"irwTw\"><strong class=\"brz-bold-true\">Une grande r\u00e9activit\u00e9<\/strong><\/p>\n<p class=\"brz-text-lg-center brz-tp-lg-paragraph brz-css-wAcmF\" data-generated-css=\"brz-css-kdiKa\" data-uniq-id=\"fyswB\">Je sais que lorsqu\u2019on cherche \u00e0 am\u00e9liorer son int\u00e9rieur, on veut avancer.<\/p>\n<p class=\"brz-text-lg-center brz-tp-lg-paragraph brz-css-srzyH\" data-generated-css=\"brz-css-d0OaL\" data-uniq-id=\"qE8ue\">Je vous r\u00e9ponds rapidement, et j\u2019accompagne chaque \u00e9tape avec clart\u00e9.<\/p>\n<p class=\"brz-text-lg-center brz-tp-lg-paragraph brz-css-lLGgp\" data-generated-css=\"brz-css-pQzVr\" data-uniq-id=\"l0DS2\"><\/p>\n<p class=\"brz-text-lg-center brz-tp-lg-paragraph brz-css-mz9VG\" data-generated-css=\"brz-css-gZ7Qw\" data-uniq-id=\"f7m1n\"><\/p>\n<p class=\"brz-text-lg-center brz-fsft-lg-0 brz-fwdth-lg-100 brz-vfw-lg-400 brz-lh-lg-1 brz-ls-lg-0 brz-fw-lg-400 brz-fss-lg-px brz-fs-lg-24 brz-ft-google brz-ff-roboto_condensed brz-tp-lg-empty brz-css-lDALx\" data-generated-css=\"brz-css-mqFtV\" data-uniq-id=\"ln4Mu\"><strong class=\"brz-bold-true\">Mon parcours<\/strong><\/p>\n<p class=\"brz-text-lg-center brz-tp-lg-paragraph brz-css-ymMl7\" data-generated-css=\"brz-css-xjjvg\" data-uniq-id=\"dueje\">Apr\u00e8s plusieurs ann\u00e9es dans l\u2019a\u00e9rien, un environnement o\u00f9 l\u2019organisation, la pr\u00e9cision et la relation humaine sont essentielles, j\u2019ai choisi de me former au design d\u2019int\u00e9rieur pour d\u00e9velopper ma cr\u00e9ativit\u00e9 et ma sensibilit\u00e9 architecturale.<\/p>\n<p class=\"brz-text-lg-center brz-tp-lg-paragraph brz-css-tbihN\" data-generated-css=\"brz-css-rMIUc\" data-uniq-id=\"srSSj\">J\u2019ai ensuite cr\u00e9\u00e9&nbsp;<strong>Chardon D\u00e9co<\/strong>, un studio ind\u00e9pendant bas\u00e9 \u00e0 Chessy, afin de proposer un accompagnement qui allie rigueur, esth\u00e9tique et plaisir de vivre chez soi.<\/p>\n<p class=\"brz-text-lg-center brz-tp-lg-paragraph brz-css-jibof\" data-generated-css=\"brz-css-yN45C\" data-uniq-id=\"ofMYm\">Aujourd\u2019hui, j\u2019interviens sur des projets vari\u00e9s : appartements, maisons, locations, investissements, r\u00e9novations partielles ou globales \u2014 toujours avec la m\u00eame passion.<\/p>\n<p class=\"brz-text-lg-center brz-tp-lg-paragraph brz-css-p_uJu\" data-generated-css=\"brz-css-xWfnj\" data-uniq-id=\"jAyyn\"><\/p>\n<p class=\"brz-text-lg-center brz-fsft-lg-0 brz-fwdth-lg-100 brz-vfw-lg-400 brz-lh-lg-1 brz-ls-lg-0 brz-fw-lg-400 brz-fss-lg-px brz-fs-lg-24 brz-ft-google brz-ff-roboto_condensed brz-tp-lg-empty brz-css-rVnUb\" data-generated-css=\"brz-css-rHU8K\" data-uniq-id=\"hmFdh\"><strong class=\"brz-bold-true\">Mon engagement<\/strong><\/p>\n<p class=\"brz-text-lg-center brz-tp-lg-paragraph brz-css-wF7c0\" data-generated-css=\"brz-css-rS0SW\" data-uniq-id=\"tFbh7\">Vous offrir :<\/p>\n<ul>\n<li class=\"brz-text-lg-center brz-tp-lg-paragraph brz-css-tQFDi\" data-generated-css=\"brz-css-zyrrU\" data-uniq-id=\"kDGuu\">un espace dans lequel vous vous sentez bien,<\/li>\n<li class=\"brz-text-lg-center brz-tp-lg-paragraph brz-css-bvfUo\" data-generated-css=\"brz-css-fv729\" data-uniq-id=\"bL2f1\">une ambiance qui vous ressemble,<\/li>\n<li class=\"brz-text-lg-center brz-tp-lg-paragraph brz-css-i5B7w\" data-generated-css=\"brz-css-lWuvt\" data-uniq-id=\"omHR_\">une solution adapt\u00e9e \u00e0 votre budget,<\/li>\n<li class=\"brz-text-lg-center brz-tp-lg-paragraph brz-css-ouiCs\" data-generated-css=\"brz-css-ntgMk\" data-uniq-id=\"se6OA\">un accompagnement clair, humain et professionnel,<\/li>\n<li class=\"brz-text-lg-center brz-tp-lg-paragraph brz-css-vMCsr\" data-generated-css=\"brz-css-pFCSy\" data-uniq-id=\"dmgVG\">un projet o\u00f9 chaque d\u00e9tail compte.<\/li>\n<\/ul>\n<p class=\"brz-text-lg-center brz-tp-lg-paragraph brz-css-iR9Jq\" data-generated-css=\"brz-css-nkLKy\" data-uniq-id=\"wogGZ\"><\/p>\n<p class=\"brz-text-lg-center brz-fsft-lg-0 brz-fwdth-lg-100 brz-vfw-lg-400 brz-lh-lg-1 brz-ls-lg-0 brz-fw-lg-400 brz-fss-lg-px brz-fs-lg-24 brz-ft-google brz-ff-roboto_condensed brz-tp-lg-empty brz-css-lHiQ9\" data-generated-css=\"brz-css-tjqjr\" data-uniq-id=\"xCKbw\"><strong class=\"brz-bold-true\">Envie d\u2019en discuter ?<\/strong><\/p>\n<p class=\"brz-text-lg-center brz-tp-lg-paragraph brz-css-rntfQ\" data-generated-css=\"brz-css-akx4Q\" data-uniq-id=\"gIWgG\">Un projet commence toujours par une conversation.<\/p>\n<p class=\"brz-text-lg-center brz-tp-lg-paragraph brz-css-vtGlN\" data-generated-css=\"brz-css-gBm0i\" data-uniq-id=\"xvupe\">Contactez-moi, parlons de votre int\u00e9rieur et voyons ensemble comment le sublimer.<\/p>\n<p class=\"brz-text-lg-center brz-tp-lg-paragraph brz-css-fnIdi\" data-generated-css=\"brz-css-ijcXh\" data-uniq-id=\"qKUkp\"><\/p>\n<p class=\"brz-text-lg-center brz-tp-lg-paragraph brz-css-xEMso\" data-generated-css=\"brz-css-yVabJ\" data-uniq-id=\"mhOP8\"><\/p>\n<\/div>\n<\/div>\n<\/div>\n<div class=\"brz-wrapper-clone brz-flex-xs-wrap brz-css-d-cloneable brz-css-3w5bai\" data-brz-custom-id=\"uFVqsDkxtUTz\"><a class=\"brz-a brz-btn brz-css-d-button brz-css-wkheh6 brz-css-d-button-bg brz-css-t130mk\" target=\"_self\" rel=\"noopener\" href=\"mailto:contact@chardondeco.fr?subject=Demande%20de%20renseignements%20-%20Chardon%20Deco&amp;body=Bonjour,%0D%0A%0D%0AJe%20souhaite%20\u00eatre%20contact\u00e9%20concernant%20:%0D%0A-%20Un%20projet%20:%0D%0A-%20Une%20demande%20d\u2019informations%20:%0D%0A-%20Un%20devis%20:%0D%0A%0D%0AMon%20nom%20:%0D%0AMon%20email%20:%0D%0AMon%20t\u00e9l\u00e9phone%20:%0D%0A%0D%0AMessage%20:%0D%0A%0D%0AMerci,%0D%0A\" data-brz-link-type=\"external\" data-brz-custom-id=\"n540XygEZ2GZ\"><span data-brz-translate-text=\"1\" class=\"brz-span brz-text__editor\">Me contacter<\/span><\/a><\/div>\n<\/div>\n<\/div>\n<\/div>\n<\/div>\n<\/div>\n<\/div>\n<\/section>\n<section id=\"kjOfnQKctfCl_kjOfnQKctfCl\" class=\"brz-section brz-css-d-section brz-css-glhxxw\">\n<div class=\"brz-section__content brz-section--boxed brz-css-d-sectionitem-bg brz-css-127gka5\" data-brz-custom-id=\"zVs2uteet_Ch\">\n<div class=\"brz-container brz-css-d-sectionitem-container brz-css-hcq59d\">\n<div id=\"\" class=\"brz-css-d-wrapper brz-css-oxuvg4 brz-wrapper\">\n<div class=\"brz-rich-text brz-rich-text__custom brz-css-d-richtext brz-css-2h41zf\" data-brz-custom-id=\"rhmkaqwezcexpdzrofljaccxoasmdsxkbheo\">\n<div data-brz-translate-text=\"1\">\n<p class=\"brz-ff-kaushan_script brz-ft-google brz-fs-lg-30 brz-fss-lg-px brz-fw-lg-400 brz-ls-lg-0 brz-lh-lg-1_9 brz-tp-lg-empty brz-text-lg-center brz-css-o32yF\" data-uniq-id=\"gscwg\" data-generated-css=\"brz-css-d_vhX\"><span class=\"brz-cp-color5\">Jonathan Chardon<\/span><\/p>\n<\/div>\n<\/div>\n<\/div>\n<div class=\"brz-row__container brz-css-d-row-row brz-css-1c6ien1\" data-brz-custom-id=\"lEhVcjck7Igw\">\n<div class=\"brz-row brz-css-d-row-container brz-css-r-row-container brz-css-19a7lpl\">\n<div class=\"brz-columns brz-css-d-column-column brz-css-1jq10am\" data-brz-custom-id=\"gowJCfDGGXL1\">\n<div class=\"brz-column__items brz-css-d-column-bg brz-css-itk54q\">\n<div id=\"\" class=\"brz-css-d-wrapper brz-css-s1ewiq brz-wrapper\">\n<div class=\"brz-image brz-css-d-image-hcaq0zztehcy-parent brz-css-xwasdd\" data-brz-custom-id=\"hcaQ0ZZtEhcy\"><img decoding=\"async\" class=\"brz-img\" srcset=\"https:\/\/chardondeco.com\/?brizy_media=wp-3257c9e14bb317ea86fc4c46f5994c60.jpg&amp;brizy_crop=iW%3D413%26iH%3D310%26oX%3D0%26oY%3D90%26cW%3D413%26cH%3D220 1x, https:\/\/chardondeco.com\/?brizy_media=wp-3257c9e14bb317ea86fc4c46f5994c60.jpg&amp;brizy_crop=iW%3D826%26iH%3D620%26oX%3D0%26oY%3D180%26cW%3D826%26cH%3D440 2x\" src=\"https:\/\/chardondeco.com\/wp-content\/uploads\/brizy\/imgs\/IMG_2020-scaled-1140x855x0x95x1140x760x1749211962.jpg\" loading=\"lazy\" title=\"\"><\/div>\n<\/div>\n<\/div>\n<\/div>\n<\/div>\n<\/div>\n<\/div>\n<\/div>\n<\/section>\n<section id=\"d972efaff29184bef4c6_g8reZ9NUmck5\" class=\"brz-section brz-css-xfxal2 brz-css-1mvbb86\">\n<div class=\"brz-section__content brz-section--fullWidth brz-css-1ta89sg brz-css-as2kbj\" data-brz-custom-id=\"qORUs80rUss_\">\n<div class=\"brz-bg\">\n<div class=\"brz-bg-color\"><\/div>\n<\/div>\n<div class=\"brz-container brz-css-a37kbm brz-css-cr6d9o\">\n<div class=\"brz-row__container brz-css-j3t9go brz-css-1v6q883\" data-brz-custom-id=\"pjk1QDjJePbx\">\n<div class=\"brz-row brz-css-6b3seu brz-css-p3cci7 brz-css-1wj5xah\">\n<div class=\"brz-columns brz-css-1uzs34 brz-css-erbpbo\" data-brz-custom-id=\"tDbPyE5D_eR6\">\n<div class=\"brz-column__items brz-css-1x9d7be brz-css-1jnajwt\">\n<div class=\"brz-row__container brz-css-j3t9go brz-css-1dr3wur\" data-brz-custom-id=\"eLD0msQpiQnh\">\n<div class=\"brz-row brz-row--inner brz-css-6b3seu brz-css-p3cci7 brz-css-1wiqb5l\">\n<div class=\"brz-columns brz-css-1uzs34 brz-css-4lkyc5\" data-brz-custom-id=\"odb2brDLJxrH\">\n<div class=\"brz-column__items brz-css-1x9d7be brz-css-rt9acy\"><\/div>\n<\/div>\n<\/div>\n<\/div>\n<\/div>\n<\/div>\n<\/div>\n<\/div>\n<\/div>\n<\/div>\n<\/section><\/div>\n<p><!-- version:1765237266 --><\/p>\n","protected":false},"excerpt":{"rendered":"<p>RELOOKER VOTRE INTERIEUR \u00ab\u00a0Se sentir bien chez soi est primordial. Un ingr\u00e9dient-cl\u00e9 vers la tranquillit\u00e9 d\u2019esprit et la s\u00e9r\u00e9nit\u00e9.\u00a0\u00bb \u00c0 propos de Chardon D\u00e9co Je m\u2019appelle&nbsp;Jonathan Chardon, d\u00e9corateur et designer d\u2019int\u00e9rieur \u00e0 Chessy, fondateur de Chardon D\u00e9co. Mon objectif est simple : cr\u00e9er des int\u00e9rieurs&nbsp;beaux, fonctionnels et profond\u00e9ment agr\u00e9ables \u00e0 vivre, en mettant l\u2019humain au [&hellip;]<\/p>\n","protected":false},"author":2,"featured_media":0,"parent":0,"menu_order":0,"comment_status":"closed","ping_status":"closed","template":"brizy-blank-template.php","meta":{"om_disable_all_campaigns":false,"_monsterinsights_skip_tracking":false,"_monsterinsights_sitenote_active":false,"_monsterinsights_sitenote_note":"","_monsterinsights_sitenote_category":0,"footnotes":""},"class_list":["post-32","page","type-page","status-publish","hentry"],"aioseo_notices":[],"brizy_media":[{"id":458,"url":"https:\/\/chardondeco.com\/wp-content\/uploads\/2025\/06\/jonathanchardon-chardondeco.jpg","name":"jonathanchardon-chardondeco.jpg","meta":{"brizy_attachment_uid":"wp-3c3314a63c35f2ec79550e905437a2b6.jpg","brizy_post_uid":["dc46fd6314dc3916e3693d516aab3eb0"]}},{"id":528,"url":"https:\/\/chardondeco.com\/wp-content\/uploads\/2025\/06\/Design-sans-titre-2.jpg","name":"Design-sans-titre-2.jpg","meta":{"brizy_attachment_uid":"wp-1d26f21c367deab7904ab4857ec14668.jpg","brizy_post_uid":["dc46fd6314dc3916e3693d516aab3eb0"]}},{"id":801,"url":"https:\/\/chardondeco.com\/wp-content\/uploads\/2025\/06\/IMG_2020-scaled.jpg","name":"IMG_2020.jpg","meta":{"brizy_attachment_uid":"wp-3257c9e14bb317ea86fc4c46f5994c60.jpg","brizy_post_uid":["4457dc76f2cf91f9e5debdc65051f423","dc46fd6314dc3916e3693d516aab3eb0"]}},{"id":1240,"url":"https:\/\/chardondeco.com\/wp-content\/uploads\/2025\/12\/d08-d08-Bg-Image.jpg","name":"d08-d08-Bg-Image.jpg","meta":{"brizy_attachment_uid":"d08-d08-Bg-Image.jpg","brizy_post_uid":["dc46fd6314dc3916e3693d516aab3eb0"]}}],"_links":{"self":[{"href":"https:\/\/chardondeco.com\/index.php?rest_route=\/wp\/v2\/pages\/32","targetHints":{"allow":["GET"]}}],"collection":[{"href":"https:\/\/chardondeco.com\/index.php?rest_route=\/wp\/v2\/pages"}],"about":[{"href":"https:\/\/chardondeco.com\/index.php?rest_route=\/wp\/v2\/types\/page"}],"author":[{"embeddable":true,"href":"https:\/\/chardondeco.com\/index.php?rest_route=\/wp\/v2\/users\/2"}],"replies":[{"embeddable":true,"href":"https:\/\/chardondeco.com\/index.php?rest_route=%2Fwp%2Fv2%2Fcomments&post=32"}],"version-history":[{"count":17,"href":"https:\/\/chardondeco.com\/index.php?rest_route=\/wp\/v2\/pages\/32\/revisions"}],"predecessor-version":[{"id":1336,"href":"https:\/\/chardondeco.com\/index.php?rest_route=\/wp\/v2\/pages\/32\/revisions\/1336"}],"wp:attachment":[{"href":"https:\/\/chardondeco.com\/index.php?rest_route=%2Fwp%2Fv2%2Fmedia&parent=32"}],"curies":[{"name":"wp","href":"https:\/\/api.w.org\/{rel}","templated":true}]}}