{"id":36,"date":"2022-07-26T08:37:01","date_gmt":"2022-07-26T08:37:01","guid":{"rendered":"https:\/\/websitebuilder-demo.net\/architect\/?page_id=36"},"modified":"2026-04-07T13:49:40","modified_gmt":"2026-04-07T13:49:40","slug":"contact","status":"publish","type":"page","link":"https:\/\/chardondeco.com\/?page_id=36","title":{"rendered":"Contact"},"content":{"rendered":"<div class=\"brz brz-root__container brz-reset-all brz-root__container-page\">\n<section id=\"sjjkywwglfyqizfthokatmiksotfdutjswbi_sjjkywwglfyqizfthokatmiksotfdutjswbi\" class=\"brz-section brz-css-d-section brz-css-5lihno\">\n<div class=\"brz-section__content brz-section--boxed brz-css-d-sectionitem-bg brz-css-sa2ki\" data-brz-custom-id=\"kzaxjzrjvmhpvahbieksakylgttqxijsyvkw\">\n<div class=\"brz-bg\">\n<div class=\"brz-bg-image\"><\/div>\n<div class=\"brz-bg-color\"><\/div>\n<\/div>\n<div class=\"brz-container brz-css-d-sectionitem-container brz-css-k2gzkw\">\n<div id=\"\" class=\"brz-css-d-wrapper brz-css-1hz0ldd brz-wrapper\">\n<div class=\"brz-rich-text brz-rich-text__custom brz-css-d-richtext brz-css-q7yagg\" data-brz-custom-id=\"llmfdgtuyoakkfecfktryhfutyxekvlbvyaw\">\n<div data-brz-translate-text=\"1\">\n<p class=\"brz-fsft-lg-0 brz-fwdth-lg-100 brz-vfw-lg-400 brz-lh-lg-1_2 brz-ls-lg-0 brz-fw-lg-400 brz-fss-lg-px brz-fs-lg-28 brz-ft-google brz-ff-roboto_condensed brz-tp-lg-empty brz-text-lg-center brz-css-hqAOW\" data-uniq-id=\"hZNNS\" data-generated-css=\"brz-css-hOXWz\"><span class=\"brz-bold-true brz-cp-color8 brz-span\"><strong>Une question, un projet, une envie d\u2019am\u00e9nager votre int\u00e9rieur ?<\/strong><\/span><\/p>\n<p class=\"brz-fsft-lg-0 brz-fwdth-lg-100 brz-vfw-lg-400 brz-lh-lg-1_2 brz-ls-lg-0 brz-fw-lg-400 brz-fss-lg-px brz-fs-lg-28 brz-ft-google brz-ff-roboto_condensed brz-tp-lg-empty brz-text-lg-center brz-css-yL_23\" data-uniq-id=\"xng7Y\" data-generated-css=\"brz-css-n6W3J\"><span class=\"brz-bold-true brz-cp-color8 brz-span\"><strong>\u00c9crivez-moi : je vous r\u00e9ponds rapidement et vous accompagne pour trouver la meilleure solution pour votre espace. <\/strong><\/span><\/p>\n<h2 class=\"brz-tp-lg-heading2 brz-text-lg-center brz-css-pmnjM\" data-uniq-id=\"p4biY\" data-generated-css=\"brz-css-riqO2\"><a class=\"link--external brz-cp-color8\" href=\"mailto:contact@chardondeco.fr?subject=Demande%20de%20devis&amp;body=Bonjour%20Jonathan,%20j\u2019aimerais%20parler%20de%20mon%20projet...\" data-brz-link-type=\"external\"> <\/a><\/h2>\n<h2 class=\"brz-tp-lg-heading2 brz-text-lg-center brz-css-k21S9\" data-uniq-id=\"gKWt3\" data-generated-css=\"brz-css-rmaWj\"><a class=\"link--external brz-cp-color8\" href=\"mailto:contact@chardondeco.fr?subject=Contact%20-%20Chardon%20Deco&amp;body=Bonjour%20Jonathan,%0D%0A%0D%0AVoici%20ma%20demande%20:%0D%0A%0D%0AMon%20nom%20:%0D%0AMon%20email%20:%0D%0AMon%20t\u00e9l\u00e9phone%20:%0D%0AMon%20projet%20:%0D%0A%0D%0AMerci,%0D%0A\" data-brz-link-type=\"external\">RENCONTRONS<\/a><a class=\"brz-cp-color8 link--external\" href=\"mailto:contact@chardondeco.fr?subject=Demande%20de%20devis&amp;body=Bonjour%20Jonathan,%20j\u2019aimerais%20parler%20de%20mon%20projet...\" data-brz-link-type=\"external\"> NOUS<\/a><\/h2>\n<h2 class=\"brz-tp-lg-heading2 brz-text-lg-center brz-css-tSbQt\" data-uniq-id=\"qmfpV\" data-generated-css=\"brz-css-b1Mke\"><a class=\"link--external brz-cp-color8\" href=\"mailto:contact@chardondeco.fr?subject=Demande%20de%20devis&amp;body=Bonjour%20Jonathan,%20j\u2019aimerais%20parler%20de%20mon%20projet...\" data-brz-link-type=\"external\"> <\/a><\/h2>\n<p data-uniq-id=\"zCmIu\" data-generated-css=\"brz-css-rvvQv\" class=\"brz-text-lg-center brz-tp-lg-empty brz-ff-roboto_condensed brz-ft-google brz-fs-lg-19 brz-fss-lg-px brz-fw-lg-400 brz-ls-lg-0 brz-lh-lg-1_2 brz-vfw-lg-400 brz-fwdth-lg-100 brz-fsft-lg-0 brz-css-nsIkI\"><span class=\"brz-cp-color8 brz-bold-true brz-span\"><strong>\u201cJe r\u00e9ponds g\u00e9n\u00e9ralement dans la journ\u00e9e.\u201d <\/strong><\/span><\/p>\n<\/div>\n<\/div>\n<\/div>\n<\/div>\n<\/div>\n<\/section>\n<section id=\"hdqknnavvzoushymdiyanvmlaikhsaqzbikj_hdqknnavvzoushymdiyanvmlaikhsaqzbikj\" class=\"brz-section brz-css-d-section brz-css-59552s\">\n<div class=\"brz-section__content brz-section--boxed brz-css-d-sectionitem-bg brz-css-1gsitcp\" data-brz-custom-id=\"qspbpdtxtoxumughhwnkvvnskleutlpvzkkk\">\n<div class=\"brz-bg\">\n<div class=\"brz-bg-color\"><\/div>\n<\/div>\n<div class=\"brz-container brz-css-d-sectionitem-container brz-css-1upgihu\">\n<div id=\"\" class=\"brz-css-d-wrapper brz-css-qv16hn brz-wrapper\">\n<div class=\"brz-rich-text brz-rich-text__custom brz-css-d-richtext brz-css-12nsqsp\" data-brz-custom-id=\"zgMrJYgiSmhf\">\n<div data-brz-translate-text=\"1\">\n<p class=\"brz-tp-lg-empty brz-ff-roboto_condensed brz-ft-google brz-fs-lg-44 brz-fss-lg-px brz-fw-lg-400 brz-ls-lg-0 brz-lh-lg-1_9 brz-vfw-lg-400 brz-fwdth-lg-100 brz-fsft-lg-0 brz-text-lg-center brz-css-sjCxW\" data-uniq-id=\"uxEbd\" data-generated-css=\"brz-css-xHGHK\"><a class=\"brz-bold-true link--external\" href=\"mailto:contact@chardondeco.fr?subject=Contact%20-%20Chardon%20Deco&amp;body=Bonjour%20Jonathan,%0D%0A%0D%0AVoici%20ma%20demande%20:%0D%0A%0D%0AMon%20nom%20:%0D%0AMon%20email%20:%0D%0AMon%20t\u00e9l\u00e9phone%20:%0D%0AMon%20projet%20:%0D%0A%0D%0AMerci,%0D%0A\" data-brz-link-type=\"external\"><strong>contact@chardondeco.fr<\/strong><\/a><\/p>\n<\/div>\n<\/div>\n<\/div>\n<div id=\"\" class=\"brz-css-d-wrapper brz-css-mgx1gx brz-wrapper\">\n<div class=\"brz-rich-text brz-rich-text__custom brz-css-d-richtext brz-css-1gpqa69\" data-brz-custom-id=\"zr42aO5jMxqO\">\n<div data-brz-translate-text=\"1\">\n<p data-uniq-id=\"c9UJ5\" data-generated-css=\"brz-css-kATnS\" class=\"brz-tp-lg-empty brz-ff-roboto_condensed brz-ft-google brz-fs-lg-25 brz-fss-lg-px brz-fw-lg-400 brz-ls-lg-0 brz-lh-lg-1_9 brz-vfw-lg-400 brz-fwdth-lg-100 brz-fsft-lg-0 brz-text-lg-center brz-css-zNULi\"><strong class=\"brz-cp-color2 brz-bold-true\">07 49 10 16 98<\/strong><\/p>\n<\/div>\n<\/div>\n<\/div>\n<div id=\"\" class=\"brz-css-d-wrapper brz-css-1ty8ef1 brz-wrapper\">\n<div class=\"brz-rich-text brz-rich-text__custom brz-css-d-richtext brz-css-96cwvu\" data-brz-custom-id=\"pNYBGjT2KPlz\">\n<div data-brz-translate-text=\"1\">\n<p data-uniq-id=\"loVlk\" data-generated-css=\"brz-css-yWgCi\" class=\"brz-tp-lg-empty brz-ff-roboto_condensed brz-ft-google brz-fs-lg-22 brz-fss-lg-px brz-fw-lg-400 brz-ls-lg-0 brz-lh-lg-1_9 brz-vfw-lg-400 brz-fwdth-lg-100 brz-fsft-lg-0 brz-text-lg-center brz-css-e1xQv\"><a class=\"brz-cp-color2 brz-bold-true link--external\" href=\"https:\/\/www.instagram.com\/chardon_deco\" data-brz-link-type=\"external\"><strong>@chardon_deco<\/strong><\/a><\/p>\n<\/div>\n<\/div>\n<\/div>\n<\/div>\n<\/div>\n<\/section>\n<section id=\"6afef4d55c9c7d42aa83_mtBqXu158BjG\" class=\"brz-section brz-css-vjybbs brz-css-ihrmrq\">\n<div class=\"brz-section__content brz-section--boxed brz-css-al70wg brz-css-179y8vs\" data-brz-custom-id=\"esKjKlOWIqBH\">\n<div class=\"brz-container brz-css-1h3mmxc brz-css-1j38ldo\">\n<div id=\"\" class=\"brz-css-185nw63 brz-css-1x2vmow brz-css-imtfh0 brz-wrapper\">\n<div class=\"brz-spacer brz-css-f7lmbk brz-css-e1410e\"><\/div>\n<\/div>\n<\/div>\n<\/div>\n<\/section>\n<section id=\"f520RoCs3yCy_f520RoCs3yCy\" class=\"brz-section brz-css-d-section brz-css-t1t7kb\">\n<div class=\"brz-section__content brz-section--fullWidth brz-css-d-sectionitem-bg brz-css-1bblbum\" data-brz-custom-id=\"hjV8fPZXVFVz\">\n<div class=\"brz-bg\">\n<div class=\"brz-bg-color\"><\/div>\n<\/div>\n<div class=\"brz-container brz-css-d-sectionitem-container brz-css-1g773j5\">\n<div class=\"brz-row__container brz-css-d-row-row brz-css-e5lmdi\" data-brz-custom-id=\"ih0qezagGwMn\">\n<div class=\"brz-row brz-css-d-row-container brz-css-r-row-container brz-css-s0qy01\">\n<div class=\"brz-columns brz-css-d-column-column brz-css-9w23mv\" data-brz-custom-id=\"vENxnopYFZn1\">\n<div class=\"brz-column__items brz-css-d-column-bg brz-css-nq7d93\">\n<div class=\"brz-row__container brz-css-d-row-row brz-css-1ms0kj0\" data-brz-custom-id=\"xPdmu7CTJ_V9\">\n<div class=\"brz-row brz-row--inner brz-css-d-row-container brz-css-r-row-container brz-css-19nnmix\">\n<div class=\"brz-columns brz-css-d-column-column brz-css-50p6pt\" data-brz-custom-id=\"wKOn_LZNq3rs\">\n<div class=\"brz-column__items brz-css-d-column-bg brz-css-5jzf0d\">\n<div id=\"\" class=\"brz-css-d-wrapper brz-css-1gr4cce brz-wrapper\">\n<div class=\"brz-rich-text brz-rich-text__custom brz-css-d-richtext brz-css-1t6cxmk\" data-brz-custom-id=\"yzgxykstjeydshnlezbbwxmjznpdmfsatewo\">\n<div data-brz-translate-text=\"1\">\n<p class=\"brz-text-lg-center brz-tp-lg-empty brz-ff-roboto_condensed brz-ft-google brz-fs-lg-70 brz-fss-lg-px brz-fw-lg-400 brz-ls-lg-0 brz-lh-lg-1_2 brz-vfw-lg-400 brz-fwdth-lg-100 brz-fsft-lg-0 brz-css-cpQwC\" data-generated-css=\"brz-css-gOGzI\" data-uniq-id=\"cWvkG\"><strong class=\"brz-cp-color2 brz-bold-true\">CHARDON DECO <\/strong><\/p>\n<\/div>\n<\/div>\n<\/div>\n<div id=\"\" class=\"brz-css-d-wrapper brz-css-flhjj1 brz-wrapper\">\n<div class=\"brz-rich-text brz-rich-text__custom brz-css-d-richtext brz-css-1b9ifob\" data-brz-custom-id=\"ncslyiowumwcxvkfzznjanofirdohwtifnid\">\n<div data-brz-translate-text=\"1\">\n<p class=\"brz-text-lg-center brz-tp-lg-heading4 brz-css-znH3_\" data-uniq-id=\"rwWWc\" data-generated-css=\"brz-css-riojE\"><strong class=\"brz-cp-color2\"> <\/strong><\/p>\n<p class=\"brz-text-lg-center brz-tp-lg-heading4 brz-css-kkZpP\" data-uniq-id=\"lumGO\" data-generated-css=\"brz-css-tP9tY\"><strong class=\"brz-cp-color2\">HORAIRES<\/strong><span class=\"brz-cp-color2\"> <\/span><\/p>\n<p class=\"brz-text-lg-center brz-tp-lg-heading4 brz-css-pqWwB\" data-uniq-id=\"d_HnL\" data-generated-css=\"brz-css-uV_BP\"><span class=\"brz-cp-color2\">LUN &#8211; SAM<\/span><\/p>\n<p class=\"brz-text-lg-center brz-tp-lg-heading4 brz-css-bZQPv\" data-uniq-id=\"icq35\" data-generated-css=\"brz-css-iCTQR\"><span class=\"brz-cp-color2\">10:00 \u00e0 18:00 <\/span><\/p>\n<p class=\"brz-text-lg-center brz-tp-lg-heading4 brz-css-t8UH8\" data-uniq-id=\"l3rhW\" data-generated-css=\"brz-css-icH5s\"><span class=\"brz-cp-color2\">DIM: Ferm\u00e9<\/span><\/p>\n<p class=\"brz-text-lg-center brz-tp-lg-heading4 brz-css-cWHKZ\" data-uniq-id=\"l3rhW\" data-generated-css=\"brz-css-icH5s\"><span class=\"brz-cp-color2\"> <\/span><\/p>\n<p class=\"brz-text-lg-center brz-tp-lg-heading4 brz-css-vhPLt\" data-uniq-id=\"l3rhW\" data-generated-css=\"brz-css-icH5s\"><span class=\"brz-cp-color2\"> <\/span><\/p>\n<\/div>\n<\/div>\n<\/div>\n<div class=\"brz-wrapper-clone brz-flex-xs-wrap brz-css-d-cloneable brz-css-502mj3\" data-brz-custom-id=\"bcJ9Q1HdxRQD\">\n<div class=\"brz-icon__container\" data-brz-custom-id=\"rRo_D4cxmXUb\"><a class=\"brz-a\" target=\"_self\" rel=\"noopener\" href=\"https:\/\/www.google.com\/maps?q=4,+rue+du+Foss\u00e9+Mignard,+77700+Chessy\" data-brz-link-type=\"external\"><span class=\"brz-icon brz-span brz-css-d-icon-icon brz-css-1k36sls\"><\/span><\/a><\/div>\n<\/div>\n<div id=\"\" class=\"brz-css-d-wrapper brz-css-1p55zs7 brz-wrapper\">\n<div class=\"brz-rich-text brz-rich-text__custom brz-css-d-richtext brz-css-17yx7xo\" data-brz-custom-id=\"viofvsmqerlbmhmrfbxkjbovmwloyzhozyjh\">\n<div data-brz-translate-text=\"1\">\n<p class=\"brz-text-lg-center brz-tp-lg-heading4 brz-css-m_ODm\" data-generated-css=\"brz-css-q56xo\" data-uniq-id=\"vpX3a\"><strong class=\"brz-cp-color2\"> BUREAU<\/strong><span class=\"brz-cp-color2\"> <\/span><\/p>\n<p class=\"brz-text-lg-center brz-tp-lg-heading4 brz-css-oId8N\" data-generated-css=\"brz-css-j666D\" data-uniq-id=\"aeITJ\"><a class=\"brz-cp-color2 link--external\" href=\"https:\/\/www.google.com\/maps?q=4,+rue+du+Foss\u00e9+Mignard,+77700+Chessy\" data-brz-link-type=\"external\">4 Rue du Foss\u00e9 Mignard <\/a><\/p>\n<p class=\"brz-text-lg-center brz-tp-lg-heading4 brz-css-gm3zU\" data-generated-css=\"brz-css-uRA3N\" data-uniq-id=\"u4zQ_\"><span class=\"brz-cp-color2\">77700 CHESSY<\/span><\/p>\n<p class=\"brz-tp-lg-heading4 brz-text-lg-justify brz-css-y9CBr\" data-generated-css=\"brz-css-zpAQY\" data-uniq-id=\"jsH1P\"><\/p>\n<\/div>\n<\/div>\n<\/div>\n<\/div>\n<\/div>\n<\/div>\n<\/div>\n<\/div>\n<\/div>\n<\/div>\n<\/div>\n<\/div>\n<\/div>\n<\/section>\n<section id=\"6e5887c063b2a3c7adb2_txqbgjmpbbohqsenzpjxfbmmxebpfuokhfow\" class=\"brz-section brz-css-17ahucp brz-css-o8n8at\">\n<div class=\"brz-section__content brz-section--boxed brz-css-cg9256 brz-css-21cvff\" data-brz-custom-id=\"jnoagepnrosrldwavlqjyapwxbcwmknsipeb\">\n<div class=\"brz-bg\">\n<div class=\"brz-bg-image\"><\/div>\n<\/div>\n<div class=\"brz-container brz-css-uzeot9 brz-css-2yk4jd\">\n<div class=\"brz-row__container brz-css-88s4im brz-css-1lgfd5o\" data-brz-custom-id=\"eqiuazkoztgkrttseeykgzuestctxbasledn\">\n<div class=\"brz-row brz-css-1kl6fdj brz-css-xmzppp brz-css-uuv6nj\">\n<div class=\"brz-columns brz-css-1chi6u2 brz-css-1svpf77\" data-brz-custom-id=\"wykyszhcsjyuzlczyhjnnaqxzxtzrmoaotpf\">\n<div class=\"brz-column__items brz-css-1a12q70 brz-css-teet1q\">\n<div id=\"\" class=\"brz-css-1tismx7 brz-css-h3kd2i brz-css-1jrelce brz-wrapper\">\n<div class=\"brz-spacer brz-css-yktfh6 brz-css-u4br1a\"><\/div>\n<\/div>\n<\/div>\n<\/div>\n<\/div>\n<\/div>\n<div id=\"\" class=\"brz-css-1tismx7 brz-css-h3kd2i brz-css-1l8o5p brz-wrapper\">\n<div class=\"brz-spacer brz-css-yktfh6 brz-css-1nxr6am\"><\/div>\n<\/div>\n<\/div>\n<\/div>\n<\/section><\/div>\n<p><!-- version:1765234868 --><\/p>\n","protected":false},"excerpt":{"rendered":"<p>Une question, un projet, une envie d\u2019am\u00e9nager votre int\u00e9rieur ? \u00c9crivez-moi : je vous r\u00e9ponds rapidement et vous accompagne pour trouver la meilleure solution pour votre espace. RENCONTRONS NOUS \u201cJe r\u00e9ponds g\u00e9n\u00e9ralement dans la journ\u00e9e.\u201d contact@chardondeco.fr 07 49 10 16 98 @chardon_deco CHARDON DECO HORAIRES LUN &#8211; SAM 10:00 \u00e0 18:00 DIM: Ferm\u00e9 BUREAU 4 [&hellip;]<\/p>\n","protected":false},"author":2,"featured_media":0,"parent":0,"menu_order":0,"comment_status":"closed","ping_status":"closed","template":"brizy-blank-template.php","meta":{"om_disable_all_campaigns":false,"_monsterinsights_skip_tracking":false,"_monsterinsights_sitenote_active":false,"_monsterinsights_sitenote_note":"","_monsterinsights_sitenote_category":0,"footnotes":""},"class_list":["post-36","page","type-page","status-publish","hentry"],"aioseo_notices":[],"brizy_media":[],"_links":{"self":[{"href":"https:\/\/chardondeco.com\/index.php?rest_route=\/wp\/v2\/pages\/36","targetHints":{"allow":["GET"]}}],"collection":[{"href":"https:\/\/chardondeco.com\/index.php?rest_route=\/wp\/v2\/pages"}],"about":[{"href":"https:\/\/chardondeco.com\/index.php?rest_route=\/wp\/v2\/types\/page"}],"author":[{"embeddable":true,"href":"https:\/\/chardondeco.com\/index.php?rest_route=\/wp\/v2\/users\/2"}],"replies":[{"embeddable":true,"href":"https:\/\/chardondeco.com\/index.php?rest_route=%2Fwp%2Fv2%2Fcomments&post=36"}],"version-history":[{"count":30,"href":"https:\/\/chardondeco.com\/index.php?rest_route=\/wp\/v2\/pages\/36\/revisions"}],"predecessor-version":[{"id":1310,"href":"https:\/\/chardondeco.com\/index.php?rest_route=\/wp\/v2\/pages\/36\/revisions\/1310"}],"wp:attachment":[{"href":"https:\/\/chardondeco.com\/index.php?rest_route=%2Fwp%2Fv2%2Fmedia&parent=36"}],"curies":[{"name":"wp","href":"https:\/\/api.w.org\/{rel}","templated":true}]}}